{"id":23,"date":"2022-10-17T17:52:42","date_gmt":"2022-10-17T17:52:42","guid":{"rendered":"https:\/\/internacionalchg.com\/web\/?page_id=23"},"modified":"2024-05-16T16:28:05","modified_gmt":"2024-05-16T16:28:05","slug":"23-2","status":"publish","type":"page","link":"https:\/\/internacionalchg.com\/","title":{"rendered":""},"content":{"rendered":"<div class=\"wp-block-image\">\n<figure class=\"aligncenter size-full is-resized\"><img loading=\"lazy\" src=\"https:\/\/internacionalchg.com\/web\/wp-content\/uploads\/2024\/05\/LOGO-MARIACHI-600.png\" alt=\"\" class=\"wp-image-223\" width=\"300\" height=\"177\" srcset=\"https:\/\/internacionalchg.com\/web\/wp-content\/uploads\/2024\/05\/LOGO-MARIACHI-600.png 600w, https:\/\/internacionalchg.com\/web\/wp-content\/uploads\/2024\/05\/LOGO-MARIACHI-600-300x177.png 300w\" sizes=\"(max-width: 300px) 100vw, 300px\" \/><\/figure><\/div>\n\n\n<div style=\"height:50px\" aria-hidden=\"true\" class=\"wp-block-spacer\"><\/div>\n\n\n<div class=\"wp-block-image\">\n<figure class=\"aligncenter size-full\"><img loading=\"lazy\" width=\"696\" height=\"74\" src=\"https:\/\/internacionalchg.com\/web\/wp-content\/uploads\/2022\/10\/sub_logo.png\" alt=\"\" class=\"wp-image-6\" srcset=\"https:\/\/internacionalchg.com\/web\/wp-content\/uploads\/2022\/10\/sub_logo.png 696w, https:\/\/internacionalchg.com\/web\/wp-content\/uploads\/2022\/10\/sub_logo-300x32.png 300w\" sizes=\"(max-width: 696px) 100vw, 696px\" \/><\/figure><\/div>\n\n\n<div style=\"height:50px\" aria-hidden=\"true\" class=\"wp-block-spacer\"><\/div>\n\n\n\n<p class=\"has-text-align-center has-white-color has-text-color\" style=\"font-size:15px\">El Mariachi Internacional CHG de Gamaliel Contreras Huerta, es un mariachi que se est\u00e1 abriendo camino por atreverse a hacer las cosas de forma distinta, un mariachi con liderazgo, disciplina y valores, con la firme encomienda de colocarse dentro de los mejores exponentes del g\u00e9nero en el mundo.<\/p>\n\n\n\n<p class=\"has-text-align-center has-white-color has-text-color\" style=\"font-size:15px\">Desde su lanzamiento en marzo del 2019, han grabado cuatro discos de estudio sumando m\u00e1s de seis millones de visualizaciones en YouTube. El Mariachi Internacional CHG es el primer mariachi en atreverse a promocionar su m\u00fasica in\u00e9dita en la radio de toda la naci\u00f3n, produciendo videoclips en un formato comercial y en calidad de cine, poni\u00e9ndose a la par de los exponentes m\u00e1s importantes de todos los g\u00e9neros. Se presentaron como artista estelar en el palenque de fiestas de Octubre en 2019 logrando una ocupaci\u00f3n del 80% y presentando un espectacular show en un formato nunca antes visto en un mariachi.<\/p>\n\n\n\n<p class=\"has-text-align-center has-white-color has-text-color\" style=\"font-size:15px\">Habiendo logrado esto, Gamaliel Contreras decide dar un paso mayor y presentar a este gran mariachi como artista estelar en uno de los foros m\u00e1s importantes de Am\u00e9rica latina, el Auditorio Telmex de la ciudad de Guadalajara, al lado de la Orquesta Filarm\u00f3nica de Jalisco. El 17 de septiembre quedar\u00e1 marcado como el inicio de una etapa sobresaliente, al haber logrado presentar un espect\u00e1culo sin precedentes como artista estelar, dejando una huella imborrable y marcando la nueva era del mariachi en M\u00e9xico y en el mundo.<\/p>\n\n\n\n<p class=\"has-text-align-center has-white-color has-text-color\" style=\"font-size:15px\">El Internacional CHG hoy nos presenta su cuarto disco de estudio, con arreglos del Mtro. Manuel Cerda, algunas letras y melod\u00edas del gran compositor Manuel Monterrosas, quien ha destacado por crear innumerables \u00e9xitos para artistas como Vicente Fern\u00e1ndez, Alejandro Fern\u00e1ndez, Pepe Aguilar, Carlos Cuevas, entre otros.<\/p>\n\n\n\n<h3 class=\"has-text-align-center has-text-color\" style=\"color:#ffc280;font-style:normal;font-weight:400\">S\u00cdGUENOS<\/h3>\n\n\n\n<ul class=\"wp-container-1 is-content-justification-center wp-block-social-links has-visible-labels has-icon-color is-style-logos-only\"><li style=\"color: #ffc280; \" class=\"wp-social-link wp-social-link-facebook wp-block-social-link\"><a href=\"https:\/\/www.facebook.com\/MariachiInternacionalCHG\"  class=\"wp-block-social-link-anchor\"><svg width=\"24\" height=\"24\" viewBox=\"0 0 24 24\" version=\"1.1\" xmlns=\"http:\/\/www.w3.org\/2000\/svg\" aria-hidden=\"true\" focusable=\"false\"><path d=\"M12 2C6.5 2 2 6.5 2 12c0 5 3.7 9.1 8.4 9.9v-7H7.9V12h2.5V9.8c0-2.5 1.5-3.9 3.8-3.9 1.1 0 2.2.2 2.2.2v2.5h-1.3c-1.2 0-1.6.8-1.6 1.6V12h2.8l-.4 2.9h-2.3v7C18.3 21.1 22 17 22 12c0-5.5-4.5-10-10-10z\"><\/path><\/svg><span class=\"wp-block-social-link-label\">\/MariachiInternacionalCHG<\/span><\/a><\/li>\n\n<li style=\"color: #ffc280; \" class=\"wp-social-link wp-social-link-instagram wp-block-social-link\"><a href=\"https:\/\/instagram.com\/internacional_chg?igshid=NmNmNjAwNzg=\"  class=\"wp-block-social-link-anchor\"><svg width=\"24\" height=\"24\" viewBox=\"0 0 24 24\" version=\"1.1\" xmlns=\"http:\/\/www.w3.org\/2000\/svg\" aria-hidden=\"true\" focusable=\"false\"><path d=\"M12,4.622c2.403,0,2.688,0.009,3.637,0.052c0.877,0.04,1.354,0.187,1.671,0.31c0.42,0.163,0.72,0.358,1.035,0.673 c0.315,0.315,0.51,0.615,0.673,1.035c0.123,0.317,0.27,0.794,0.31,1.671c0.043,0.949,0.052,1.234,0.052,3.637 s-0.009,2.688-0.052,3.637c-0.04,0.877-0.187,1.354-0.31,1.671c-0.163,0.42-0.358,0.72-0.673,1.035 c-0.315,0.315-0.615,0.51-1.035,0.673c-0.317,0.123-0.794,0.27-1.671,0.31c-0.949,0.043-1.233,0.052-3.637,0.052 s-2.688-0.009-3.637-0.052c-0.877-0.04-1.354-0.187-1.671-0.31c-0.42-0.163-0.72-0.358-1.035-0.673 c-0.315-0.315-0.51-0.615-0.673-1.035c-0.123-0.317-0.27-0.794-0.31-1.671C4.631,14.688,4.622,14.403,4.622,12 s0.009-2.688,0.052-3.637c0.04-0.877,0.187-1.354,0.31-1.671c0.163-0.42,0.358-0.72,0.673-1.035 c0.315-0.315,0.615-0.51,1.035-0.673c0.317-0.123,0.794-0.27,1.671-0.31C9.312,4.631,9.597,4.622,12,4.622 M12,3 C9.556,3,9.249,3.01,8.289,3.054C7.331,3.098,6.677,3.25,6.105,3.472C5.513,3.702,5.011,4.01,4.511,4.511 c-0.5,0.5-0.808,1.002-1.038,1.594C3.25,6.677,3.098,7.331,3.054,8.289C3.01,9.249,3,9.556,3,12c0,2.444,0.01,2.751,0.054,3.711 c0.044,0.958,0.196,1.612,0.418,2.185c0.23,0.592,0.538,1.094,1.038,1.594c0.5,0.5,1.002,0.808,1.594,1.038 c0.572,0.222,1.227,0.375,2.185,0.418C9.249,20.99,9.556,21,12,21s2.751-0.01,3.711-0.054c0.958-0.044,1.612-0.196,2.185-0.418 c0.592-0.23,1.094-0.538,1.594-1.038c0.5-0.5,0.808-1.002,1.038-1.594c0.222-0.572,0.375-1.227,0.418-2.185 C20.99,14.751,21,14.444,21,12s-0.01-2.751-0.054-3.711c-0.044-0.958-0.196-1.612-0.418-2.185c-0.23-0.592-0.538-1.094-1.038-1.594 c-0.5-0.5-1.002-0.808-1.594-1.038c-0.572-0.222-1.227-0.375-2.185-0.418C14.751,3.01,14.444,3,12,3L12,3z M12,7.378 c-2.552,0-4.622,2.069-4.622,4.622S9.448,16.622,12,16.622s4.622-2.069,4.622-4.622S14.552,7.378,12,7.378z M12,15 c-1.657,0-3-1.343-3-3s1.343-3,3-3s3,1.343,3,3S13.657,15,12,15z M16.804,6.116c-0.596,0-1.08,0.484-1.08,1.08 s0.484,1.08,1.08,1.08c0.596,0,1.08-0.484,1.08-1.08S17.401,6.116,16.804,6.116z\"><\/path><\/svg><span class=\"wp-block-social-link-label\">@internacional_chg<\/span><\/a><\/li>\n\n<li style=\"color: #ffc280; \" class=\"wp-social-link wp-social-link-youtube wp-block-social-link\"><a href=\"https:\/\/www.youtube.com\/c\/InternacionalCHG\"  class=\"wp-block-social-link-anchor\"><svg width=\"24\" height=\"24\" viewBox=\"0 0 24 24\" version=\"1.1\" xmlns=\"http:\/\/www.w3.org\/2000\/svg\" aria-hidden=\"true\" focusable=\"false\"><path d=\"M21.8,8.001c0,0-0.195-1.378-0.795-1.985c-0.76-0.797-1.613-0.801-2.004-0.847c-2.799-0.202-6.997-0.202-6.997-0.202 h-0.009c0,0-4.198,0-6.997,0.202C4.608,5.216,3.756,5.22,2.995,6.016C2.395,6.623,2.2,8.001,2.2,8.001S2,9.62,2,11.238v1.517 c0,1.618,0.2,3.237,0.2,3.237s0.195,1.378,0.795,1.985c0.761,0.797,1.76,0.771,2.205,0.855c1.6,0.153,6.8,0.201,6.8,0.201 s4.203-0.006,7.001-0.209c0.391-0.047,1.243-0.051,2.004-0.847c0.6-0.607,0.795-1.985,0.795-1.985s0.2-1.618,0.2-3.237v-1.517 C22,9.62,21.8,8.001,21.8,8.001z M9.935,14.594l-0.001-5.62l5.404,2.82L9.935,14.594z\"><\/path><\/svg><span class=\"wp-block-social-link-label\">InternacionalCHG<\/span><\/a><\/li><\/ul>\n\n\n\n<div class=\"wp-block-cover alignfull is-light has-parallax\" style=\"background-image:url(https:\/\/internacionalchg.com\/web\/wp-content\/uploads\/2024\/05\/6.png);min-height:500px\"><span aria-hidden=\"true\" class=\"wp-block-cover__background has-background-dim-40 has-background-dim\" style=\"background-color:#000000\"><\/span><div class=\"wp-block-cover__inner-container\">\n<p class=\"has-text-align-center has-white-color has-text-color has-large-font-size\" style=\"font-style:normal;font-weight:600\">Mariachi Internacional CHG<\/p>\n<\/div><\/div>\n","protected":false},"excerpt":{"rendered":"<p>El Mariachi Internacional CHG de Gamaliel Contreras Huerta, es un mariachi que se est\u00e1 abriendo camino por atreverse a hacer las cosas de forma distinta, un mariachi con liderazgo, disciplina<\/p>\n<p class=\"more-link\"><a class=\"button\" href=\"https:\/\/internacionalchg.com\/\" class=\"readmore\">Continue reading<span class=\"screen-reader-text\"><\/span><\/a><\/p>\n","protected":false},"author":1,"featured_media":0,"parent":0,"menu_order":0,"comment_status":"closed","ping_status":"closed","template":"","meta":{"om_disable_all_campaigns":false,"_monsterinsights_skip_tracking":false,"_monsterinsights_sitenote_active":false,"_monsterinsights_sitenote_note":"","_monsterinsights_sitenote_category":0},"aioseo_notices":[],"_links":{"self":[{"href":"https:\/\/internacionalchg.com\/index.php\/wp-json\/wp\/v2\/pages\/23"}],"collection":[{"href":"https:\/\/internacionalchg.com\/index.php\/wp-json\/wp\/v2\/pages"}],"about":[{"href":"https:\/\/internacionalchg.com\/index.php\/wp-json\/wp\/v2\/types\/page"}],"author":[{"embeddable":true,"href":"https:\/\/internacionalchg.com\/index.php\/wp-json\/wp\/v2\/users\/1"}],"replies":[{"embeddable":true,"href":"https:\/\/internacionalchg.com\/index.php\/wp-json\/wp\/v2\/comments?post=23"}],"version-history":[{"count":31,"href":"https:\/\/internacionalchg.com\/index.php\/wp-json\/wp\/v2\/pages\/23\/revisions"}],"predecessor-version":[{"id":228,"href":"https:\/\/internacionalchg.com\/index.php\/wp-json\/wp\/v2\/pages\/23\/revisions\/228"}],"wp:attachment":[{"href":"https:\/\/internacionalchg.com\/index.php\/wp-json\/wp\/v2\/media?parent=23"}],"curies":[{"name":"wp","href":"https:\/\/api.w.org\/{rel}","templated":true}]}}