{"id":66,"date":"2022-10-18T13:35:20","date_gmt":"2022-10-18T13:35:20","guid":{"rendered":"https:\/\/internacionalchg.com\/web\/?page_id=66"},"modified":"2022-11-06T22:18:47","modified_gmt":"2022-11-06T22:18:47","slug":"66-2","status":"publish","type":"page","link":"https:\/\/internacionalchg.com\/index.php\/66-2\/","title":{"rendered":""},"content":{"rendered":"\n<div class=\"wp-container-3 wp-block-columns\" style=\"margin-top:-150px\">\n\n<div class=\"wp-container-1 wp-block-column\">\n\n<figure class=\"wp-block-image size-large\"><img src=\"https:\/\/internacionalchg.com\/web\/wp-content\/uploads\/2022\/11\/NOTICIAS-1.jpg\" alt=\"\" class=\"wp-image-134\"\/><\/figure>\n\n<\/div>\n\n\n<div class=\"wp-container-2 wp-block-column\">\n\n<h5 class=\"has-text-color\" style=\"color:#ffc280\">MARIACHI INTERNACIONAL CHG\n<\/h5>\n\n<!-- wp:paragraph {\"style\":{\"typography\":{\"fontSize\":\"15px\"}},\"textColor\":\"white\"}-->\n<p class=\"has-white-color has-text-color\" style=\"font-size:15px\">El Mariachi internacional CHG se present\u00f3 con gran \u00e9xito en el Auditorio Conciliazione de Roma, Italia, en una espectacular gala acompa\u00f1ado de la Orquesta Sinf\u00f3nica de Roma, en la extensi\u00f3n del XXIX Encuentro Internacional del Mariachi y la Charrer\u00eda.\u00a0\n<\/p><p class=\"has-white-color has-text-color\" style=\"font-size:15px\">\nInternacional CHG de Gamaliel Contreras Huerta, un mariachi con liderazgo, disciplina y valores, que poco a poco se est\u00e1 colocando dentro de los mejores exponentes del g\u00e9nero en el mundo.\u00a0\n<\/p><p class=\"has-white-color has-text-color\" style=\"font-size:15px\">\nAdem\u00e1s de contar con m\u00fasica in\u00e9dita, el concepto est\u00e1 rompiendo barreras al sonar su m\u00fasica en radio nacional, produciendo videoclips en calidad de cine, y present\u00e1ndose en escenarios como el palenque de las Fiestas de Octubre en Guadalajara, Auditorio Telmex, Conjunto Santander de Artes Esc\u00e9nicas, y formando parte del espect\u00e1culo del 16 de septiembre en el Centro de la ciudad de Guadalajara, entre otros.\n<\/p><p class=\"has-white-color has-text-color\" style=\"font-size:15px\">\nActualmente, est\u00e1n promocionando sus sencillos\u00a0\u201cQue sea\u201d y \u201cWelcome to M\u00e9xico\u201d, que\u00a0cuentan con la nueva tecnolog\u00eda de sonido espacial\u00a0Dolby Atmos, y sin duda toda su m\u00fasica estar\u00e1 incluida en esta nueva experiencia auditiva.\n<\/p>\n\n<\/div>\n\n\n<p><!-- \/wp:columns --><\/p>","protected":false},"excerpt":{"rendered":"<p>MARIACHI INTERNACIONAL CHG<\/p>\n","protected":false},"author":1,"featured_media":0,"parent":0,"menu_order":0,"comment_status":"closed","ping_status":"closed","template":"","meta":{"om_disable_all_campaigns":false,"_monsterinsights_skip_tracking":false,"_monsterinsights_sitenote_active":false,"_monsterinsights_sitenote_note":"","_monsterinsights_sitenote_category":0},"aioseo_notices":[],"_links":{"self":[{"href":"https:\/\/internacionalchg.com\/index.php\/wp-json\/wp\/v2\/pages\/66"}],"collection":[{"href":"https:\/\/internacionalchg.com\/index.php\/wp-json\/wp\/v2\/pages"}],"about":[{"href":"https:\/\/internacionalchg.com\/index.php\/wp-json\/wp\/v2\/types\/page"}],"author":[{"embeddable":true,"href":"https:\/\/internacionalchg.com\/index.php\/wp-json\/wp\/v2\/users\/1"}],"replies":[{"embeddable":true,"href":"https:\/\/internacionalchg.com\/index.php\/wp-json\/wp\/v2\/comments?post=66"}],"version-history":[{"count":6,"href":"https:\/\/internacionalchg.com\/index.php\/wp-json\/wp\/v2\/pages\/66\/revisions"}],"predecessor-version":[{"id":164,"href":"https:\/\/internacionalchg.com\/index.php\/wp-json\/wp\/v2\/pages\/66\/revisions\/164"}],"wp:attachment":[{"href":"https:\/\/internacionalchg.com\/index.php\/wp-json\/wp\/v2\/media?parent=66"}],"curies":[{"name":"wp","href":"https:\/\/api.w.org\/{rel}","templated":true}]}}